{"id":676,"date":"2025-06-19T07:47:51","date_gmt":"2025-06-19T05:47:51","guid":{"rendered":"https:\/\/wohnmobil-stellplatz-maerchenwald.de\/afdruk\/"},"modified":"2025-08-23T07:43:30","modified_gmt":"2025-08-23T05:43:30","slug":"afdruk","status":"publish","type":"page","link":"https:\/\/wohnmobil-stellplatz-maerchenwald.de\/nl\/afdruk\/","title":{"rendered":"Afdruk"},"content":{"rendered":"[vc_row type=&#8221;full_width_background&#8221; full_screen_row_position=&#8221;middle&#8221; column_margin=&#8221;default&#8221; column_direction=&#8221;default&#8221; column_direction_tablet=&#8221;default&#8221; column_direction_phone=&#8221;default&#8221; scene_position=&#8221;center&#8221; top_padding=&#8221;6%&#8221; constrain_group_1=&#8221;yes&#8221; bottom_padding=&#8221;6%&#8221; top_padding_tablet=&#8221;8%&#8221; constrain_group_3=&#8221;yes&#8221; bottom_padding_tablet=&#8221;8%&#8221; top_padding_phone=&#8221;10%&#8221; constrain_group_5=&#8221;yes&#8221; bottom_padding_phone=&#8221;10%&#8221; text_color=&#8221;dark&#8221; text_align=&#8221;left&#8221; row_border_radius=&#8221;none&#8221; row_border_radius_applies=&#8221;bg&#8221; overflow=&#8221;visible&#8221; id=&#8221;icons&#8221; overlay_strength=&#8221;0.3&#8243; gradient_direction=&#8221;left_to_right&#8221; shape_divider_position=&#8221;bottom&#8221; bg_image_animation=&#8221;none&#8221; gradient_type=&#8221;default&#8221; shape_type=&#8221;&#8221;][vc_column column_padding=&#8221;no-extra-padding&#8221; column_padding_tablet=&#8221;inherit&#8221; column_padding_phone=&#8221;inherit&#8221; column_padding_position=&#8221;all&#8221; column_element_direction_desktop=&#8221;default&#8221; column_element_spacing=&#8221;default&#8221; desktop_text_alignment=&#8221;default&#8221; tablet_text_alignment=&#8221;default&#8221; phone_text_alignment=&#8221;default&#8221; background_color_opacity=&#8221;1&#8243; background_hover_color_opacity=&#8221;1&#8243; column_backdrop_filter=&#8221;none&#8221; column_shadow=&#8221;none&#8221; column_border_radius=&#8221;none&#8221; column_link_target=&#8221;_self&#8221; column_position=&#8221;default&#8221; gradient_direction=&#8221;left_to_right&#8221; overlay_strength=&#8221;0.3&#8243; width=&#8221;1\/1&#8243; tablet_width_inherit=&#8221;default&#8221; animation_type=&#8221;default&#8221; bg_image_animation=&#8221;none&#8221; border_type=&#8221;simple&#8221; column_border_width=&#8221;none&#8221; column_border_style=&#8221;solid&#8221;][vc_column_text css=&#8221;&#8221; text_direction=&#8221;default&#8221;]\n<h1><span style=\"color: #3a415c;\">Afdruk<\/span><\/h1>\n[\/vc_column_text][vc_column_text css=&#8221;&#8221; text_direction=&#8221;default&#8221;]\n<h3><span style=\"color: #3a415c;\">Informatie in overeenstemming met de Wet Digitale Diensten (DDG)<\/span><\/h3>\n<p>Aanbieder:<\/p>\n<p>Christian Funke<br \/>\nKeplerstra\u00dfe 4<br \/>\n07549 Gera.<br \/>\nTel. <a href=\"tel:+491719884444\" target=\"_blank\" rel=\"noopener\">+491719884444<\/a><br \/>\nE-Mail: <a href=\"mailto:kontakt@womo-mw.de\">kontakt@womo-mw.de<\/a><\/p>\n<p>Platform van de Europese Commissie voor online geschillenbeslechting (OS) voor consumenten: https:\/\/ec.europa.eu\/consumers\/odr\/. Ik ben niet bereid en niet verplicht om deel te nemen aan een geschillenbeslechtingsprocedure voor een arbitragecommissie voor consumenten.<\/p>\n<p>Alle rechten voorbehouden. Afbeeldingen, teksten en video&#8217;s zijn auteursrechtelijk beschermd. Voor elke gehele of gedeeltelijke reproductie of herdistributie is de schriftelijke toestemming van de houder van het auteursrecht vereist.[\/vc_column_text][vc_column_text css=&#8221;&#8221; text_direction=&#8221;default&#8221;]\n<h3><span style=\"color: #3a415c;\">Plaatjes<\/span><\/h3>\n<ul>\n<li>Wuenschendorf im Vogtland \u00fcber den Elster Fluss, historische \u00fcberdachte Holzbr\u00fccke &#8211; Wuenschendorf in het Vogtland, historische overdekte houten brug \u00a9 LianeM via https:\/\/stock.adobe.com\/<\/li>\n<li>Uitzicht over de Elster vallei in W\u00fcnschendorf, Th\u00fcringen<br \/>\n\u00a9 A.N.Foto via <a href=\"https:\/\/stock.adobe.com\/\">https:\/\/stock.adobe.com\/<\/a><\/li>\n<li>Uitzicht over de Elster vallei in W\u00fcnschendorf, Th\u00fcringen<br \/>\n\u00a9 A.N.Foto via <a href=\"https:\/\/stock.adobe.com\/\">https:\/\/stock.adobe.com\/<\/a><\/li>\n<li>Klooster en kasteel Mildenfurth, ooit een romaanse kloosterkerk<br \/>\n\u00a9 Erwin Meier via <a href=\"https:\/\/de.wikipedia.org\/\">https:\/\/de.wikipedia.org\/<\/a><\/li>\n<li>Sprookjesbos W\u00fcnschendorf<br \/>\n\u00a9 <a href=\"https:\/\/creativecommons.org\/licenses\/by-sa\/4.0\/deed.de\" target=\"_blank\" rel=\"nofollow noopener\">CC BY-SA<\/a>, Archiv TVV\/D.Wie\u00dfner<\/li>\n<li>Het Benedenkasteel in Greiz, Th\u00fcringen, Duitsland<br \/>\n\u00a9 sehbaer_nrw via <a href=\"https:\/\/stock.adobe.com\/\">https:\/\/stock.adobe.com<\/a><\/li>\n<li>Dierentuin Gera 2019<br \/>\n\u00a9 al_mar via <a href=\"https:\/\/stock.adobe.com\/\">https:\/\/stock.adobe.com<\/a><\/li>\n<li>Osterburg, Weida, Th\u00fcringen, Duitsland<br \/>\n\u00a9 Sina Ettmer <a href=\"https:\/\/stock.adobe.com\/\">https:\/\/stock.adobe.com<\/a><\/li>\n<li>Fuchsbachtal<br \/>\n\u00a9 <a href=\"https:\/\/www.christoph-beer.com\">Christoph Beer<\/a>, <a href=\"https:\/\/creativecommons.org\/licenses\/by-sa\/4.0\/deed.de\" target=\"_blank\" rel=\"nofollow noopener\">CC BY-SA<\/a>, Archiv TVV<\/li>\n<li>Restaurant Klosterhof, Cronschwitz<br \/>\n\u00a9 Silvia Greiser, <a href=\"https:\/\/www.klosterhof-cronschwitz.de\" target=\"_blank\" rel=\"noopener\">Gasthof Klosterhof<\/a><\/li>\n<li>Sprookjesbos W\u00fcnschendorf<br \/>\n\u00a9 Archiv TVV\/D.Wie\u00dfner, CC <a href=\"https:\/\/creativecommons.org\/licenses\/by-sa\/4.0\/deed.de\" target=\"_blank\" rel=\"noopener\">BY-SA<\/a><\/li>\n<\/ul>\n[\/vc_column_text][vc_column_text css=&#8221;&#8221; text_direction=&#8221;default&#8221;]\n<h3><span style=\"color: #3a415c;\">Grafische afbeeldingen \/ Website<\/span><\/h3>\n<ul>\n<li>\u00a9 Michael Stumm, <a title=\"Webdesign, afbeeldingen, Michael Stumm, Gera\" href=\"http:\/\/www.michael-stumm.com\">www.michael-stumm.com<\/a><\/li>\n<\/ul>\n[\/vc_column_text][\/vc_column][\/vc_row]\n","protected":false},"excerpt":{"rendered":"<p>[vc_row type=&#8221;full_width_background&#8221; full_screen_row_position=&#8221;middle&#8221; column_margin=&#8221;default&#8221; column_direction=&#8221;default&#8221; column_direction_tablet=&#8221;default&#8221; column_direction_phone=&#8221;default&#8221; scene_position=&#8221;center&#8221; top_padding=&#8221;6%&#8221; constrain_group_1=&#8221;yes&#8221; bottom_padding=&#8221;6%&#8221; top_padding_tablet=&#8221;8%&#8221; constrain_group_3=&#8221;yes&#8221; bottom_padding_tablet=&#8221;8%&#8221; top_padding_phone=&#8221;10%&#8221; constrain_group_5=&#8221;yes&#8221; bottom_padding_phone=&#8221;10%&#8221; text_color=&#8221;dark&#8221; text_align=&#8221;left&#8221; row_border_radius=&#8221;none&#8221; row_border_radius_applies=&#8221;bg&#8221; overflow=&#8221;visible&#8221; id=&#8221;icons&#8221; overlay_strength=&#8221;0.3&#8243; gradient_direction=&#8221;left_to_right&#8221; shape_divider_position=&#8221;bottom&#8221; bg_image_animation=&#8221;none&#8221; gradient_type=&#8221;default&#8221; shape_type=&#8221;&#8221;][vc_column column_padding=&#8221;no-extra-padding&#8221;&#8230;<\/p>\n","protected":false},"author":1,"featured_media":0,"parent":0,"menu_order":0,"comment_status":"closed","ping_status":"closed","template":"","meta":{"footnotes":""},"class_list":["post-676","page","type-page","status-publish"],"yoast_head":"<!-- This site is optimized with the Yoast SEO plugin v27.4 - https:\/\/yoast.com\/product\/yoast-seo-wordpress\/ -->\n<title>Afdruk - Wohnmobil-Stellplatz M\u00e4rchenwald<\/title>\n<meta name=\"robots\" content=\"noindex, follow\" \/>\n<meta property=\"og:locale\" content=\"nl_NL\" \/>\n<meta property=\"og:type\" content=\"article\" \/>\n<meta property=\"og:title\" content=\"Afdruk - Wohnmobil-Stellplatz M\u00e4rchenwald\" \/>\n<meta property=\"og:description\" content=\"[vc_row type=&#8221;full_width_background&#8221; full_screen_row_position=&#8221;middle&#8221; column_margin=&#8221;default&#8221; column_direction=&#8221;default&#8221; column_direction_tablet=&#8221;default&#8221; column_direction_phone=&#8221;default&#8221; scene_position=&#8221;center&#8221; top_padding=&#8221;6%&#8221; constrain_group_1=&#8221;yes&#8221; bottom_padding=&#8221;6%&#8221; top_padding_tablet=&#8221;8%&#8221; constrain_group_3=&#8221;yes&#8221; bottom_padding_tablet=&#8221;8%&#8221; top_padding_phone=&#8221;10%&#8221; constrain_group_5=&#8221;yes&#8221; bottom_padding_phone=&#8221;10%&#8221; text_color=&#8221;dark&#8221; text_align=&#8221;left&#8221; row_border_radius=&#8221;none&#8221; row_border_radius_applies=&#8221;bg&#8221; overflow=&#8221;visible&#8221; id=&#8221;icons&#8221; overlay_strength=&#8221;0.3&#8243; gradient_direction=&#8221;left_to_right&#8221; shape_divider_position=&#8221;bottom&#8221; bg_image_animation=&#8221;none&#8221; gradient_type=&#8221;default&#8221; shape_type=&#8221;&#8221;][vc_column column_padding=&#8221;no-extra-padding&#8221;...\" \/>\n<meta property=\"og:url\" content=\"https:\/\/wohnmobil-stellplatz-maerchenwald.de\/nl\/afdruk\/\" \/>\n<meta property=\"og:site_name\" content=\"Wohnmobil-Stellplatz M\u00e4rchenwald\" \/>\n<meta property=\"article:modified_time\" content=\"2025-08-23T05:43:30+00:00\" \/>\n<meta name=\"twitter:card\" content=\"summary_large_image\" \/>\n<meta name=\"twitter:label1\" content=\"Geschatte leestijd\" \/>\n\t<meta name=\"twitter:data1\" content=\"2 minuut\" \/>\n<script type=\"application\/ld+json\" class=\"yoast-schema-graph\">{\"@context\":\"https:\\\/\\\/schema.org\",\"@graph\":[{\"@type\":\"WebPage\",\"@id\":\"https:\\\/\\\/wohnmobil-stellplatz-maerchenwald.de\\\/nl\\\/afdruk\\\/\",\"url\":\"https:\\\/\\\/wohnmobil-stellplatz-maerchenwald.de\\\/nl\\\/afdruk\\\/\",\"name\":\"Afdruk - Wohnmobil-Stellplatz M\u00e4rchenwald\",\"isPartOf\":{\"@id\":\"https:\\\/\\\/wohnmobil-stellplatz-maerchenwald.de\\\/nl\\\/#website\"},\"datePublished\":\"2025-06-19T05:47:51+00:00\",\"dateModified\":\"2025-08-23T05:43:30+00:00\",\"breadcrumb\":{\"@id\":\"https:\\\/\\\/wohnmobil-stellplatz-maerchenwald.de\\\/nl\\\/afdruk\\\/#breadcrumb\"},\"inLanguage\":\"nl-NL\",\"potentialAction\":[{\"@type\":\"ReadAction\",\"target\":[\"https:\\\/\\\/wohnmobil-stellplatz-maerchenwald.de\\\/nl\\\/afdruk\\\/\"]}]},{\"@type\":\"BreadcrumbList\",\"@id\":\"https:\\\/\\\/wohnmobil-stellplatz-maerchenwald.de\\\/nl\\\/afdruk\\\/#breadcrumb\",\"itemListElement\":[{\"@type\":\"ListItem\",\"position\":1,\"name\":\"Startseite\",\"item\":\"https:\\\/\\\/wohnmobil-stellplatz-maerchenwald.de\\\/nl\\\/camperplaats-marchenwald-wunschender-elster\\\/\"},{\"@type\":\"ListItem\",\"position\":2,\"name\":\"Afdruk\"}]},{\"@type\":\"WebSite\",\"@id\":\"https:\\\/\\\/wohnmobil-stellplatz-maerchenwald.de\\\/nl\\\/#website\",\"url\":\"https:\\\/\\\/wohnmobil-stellplatz-maerchenwald.de\\\/nl\\\/\",\"name\":\"Wohnmobil-Stellplatz M\u00e4rchenwald\",\"description\":\"Wohnmobil- und Wohnwagen-Stellplatz in W\u00fcnschendorf an der Elster\",\"potentialAction\":[{\"@type\":\"SearchAction\",\"target\":{\"@type\":\"EntryPoint\",\"urlTemplate\":\"https:\\\/\\\/wohnmobil-stellplatz-maerchenwald.de\\\/nl\\\/?s={search_term_string}\"},\"query-input\":{\"@type\":\"PropertyValueSpecification\",\"valueRequired\":true,\"valueName\":\"search_term_string\"}}],\"inLanguage\":\"nl-NL\"}]}<\/script>\n<!-- \/ Yoast SEO plugin. -->","yoast_head_json":{"title":"Afdruk - Wohnmobil-Stellplatz M\u00e4rchenwald","robots":{"index":"noindex","follow":"follow"},"og_locale":"nl_NL","og_type":"article","og_title":"Afdruk - Wohnmobil-Stellplatz M\u00e4rchenwald","og_description":"[vc_row type=&#8221;full_width_background&#8221; full_screen_row_position=&#8221;middle&#8221; column_margin=&#8221;default&#8221; column_direction=&#8221;default&#8221; column_direction_tablet=&#8221;default&#8221; column_direction_phone=&#8221;default&#8221; scene_position=&#8221;center&#8221; top_padding=&#8221;6%&#8221; constrain_group_1=&#8221;yes&#8221; bottom_padding=&#8221;6%&#8221; top_padding_tablet=&#8221;8%&#8221; constrain_group_3=&#8221;yes&#8221; bottom_padding_tablet=&#8221;8%&#8221; top_padding_phone=&#8221;10%&#8221; constrain_group_5=&#8221;yes&#8221; bottom_padding_phone=&#8221;10%&#8221; text_color=&#8221;dark&#8221; text_align=&#8221;left&#8221; row_border_radius=&#8221;none&#8221; row_border_radius_applies=&#8221;bg&#8221; overflow=&#8221;visible&#8221; id=&#8221;icons&#8221; overlay_strength=&#8221;0.3&#8243; gradient_direction=&#8221;left_to_right&#8221; shape_divider_position=&#8221;bottom&#8221; bg_image_animation=&#8221;none&#8221; gradient_type=&#8221;default&#8221; shape_type=&#8221;&#8221;][vc_column column_padding=&#8221;no-extra-padding&#8221;...","og_url":"https:\/\/wohnmobil-stellplatz-maerchenwald.de\/nl\/afdruk\/","og_site_name":"Wohnmobil-Stellplatz M\u00e4rchenwald","article_modified_time":"2025-08-23T05:43:30+00:00","twitter_card":"summary_large_image","twitter_misc":{"Geschatte leestijd":"2 minuut"},"schema":{"@context":"https:\/\/schema.org","@graph":[{"@type":"WebPage","@id":"https:\/\/wohnmobil-stellplatz-maerchenwald.de\/nl\/afdruk\/","url":"https:\/\/wohnmobil-stellplatz-maerchenwald.de\/nl\/afdruk\/","name":"Afdruk - Wohnmobil-Stellplatz M\u00e4rchenwald","isPartOf":{"@id":"https:\/\/wohnmobil-stellplatz-maerchenwald.de\/nl\/#website"},"datePublished":"2025-06-19T05:47:51+00:00","dateModified":"2025-08-23T05:43:30+00:00","breadcrumb":{"@id":"https:\/\/wohnmobil-stellplatz-maerchenwald.de\/nl\/afdruk\/#breadcrumb"},"inLanguage":"nl-NL","potentialAction":[{"@type":"ReadAction","target":["https:\/\/wohnmobil-stellplatz-maerchenwald.de\/nl\/afdruk\/"]}]},{"@type":"BreadcrumbList","@id":"https:\/\/wohnmobil-stellplatz-maerchenwald.de\/nl\/afdruk\/#breadcrumb","itemListElement":[{"@type":"ListItem","position":1,"name":"Startseite","item":"https:\/\/wohnmobil-stellplatz-maerchenwald.de\/nl\/camperplaats-marchenwald-wunschender-elster\/"},{"@type":"ListItem","position":2,"name":"Afdruk"}]},{"@type":"WebSite","@id":"https:\/\/wohnmobil-stellplatz-maerchenwald.de\/nl\/#website","url":"https:\/\/wohnmobil-stellplatz-maerchenwald.de\/nl\/","name":"Wohnmobil-Stellplatz M\u00e4rchenwald","description":"Wohnmobil- und Wohnwagen-Stellplatz in W\u00fcnschendorf an der Elster","potentialAction":[{"@type":"SearchAction","target":{"@type":"EntryPoint","urlTemplate":"https:\/\/wohnmobil-stellplatz-maerchenwald.de\/nl\/?s={search_term_string}"},"query-input":{"@type":"PropertyValueSpecification","valueRequired":true,"valueName":"search_term_string"}}],"inLanguage":"nl-NL"}]}},"_links":{"self":[{"href":"https:\/\/wohnmobil-stellplatz-maerchenwald.de\/nl\/wp-json\/wp\/v2\/pages\/676","targetHints":{"allow":["GET"]}}],"collection":[{"href":"https:\/\/wohnmobil-stellplatz-maerchenwald.de\/nl\/wp-json\/wp\/v2\/pages"}],"about":[{"href":"https:\/\/wohnmobil-stellplatz-maerchenwald.de\/nl\/wp-json\/wp\/v2\/types\/page"}],"author":[{"embeddable":true,"href":"https:\/\/wohnmobil-stellplatz-maerchenwald.de\/nl\/wp-json\/wp\/v2\/users\/1"}],"replies":[{"embeddable":true,"href":"https:\/\/wohnmobil-stellplatz-maerchenwald.de\/nl\/wp-json\/wp\/v2\/comments?post=676"}],"version-history":[{"count":15,"href":"https:\/\/wohnmobil-stellplatz-maerchenwald.de\/nl\/wp-json\/wp\/v2\/pages\/676\/revisions"}],"predecessor-version":[{"id":2753,"href":"https:\/\/wohnmobil-stellplatz-maerchenwald.de\/nl\/wp-json\/wp\/v2\/pages\/676\/revisions\/2753"}],"wp:attachment":[{"href":"https:\/\/wohnmobil-stellplatz-maerchenwald.de\/nl\/wp-json\/wp\/v2\/media?parent=676"}],"curies":[{"name":"wp","href":"https:\/\/api.w.org\/{rel}","templated":true}]}}