{"id":575,"date":"2025-06-19T07:47:51","date_gmt":"2025-06-19T05:47:51","guid":{"rendered":"https:\/\/wohnmobil-stellplatz-maerchenwald.de\/imprint\/"},"modified":"2025-08-23T07:43:30","modified_gmt":"2025-08-23T05:43:30","slug":"imprint","status":"publish","type":"page","link":"https:\/\/wohnmobil-stellplatz-maerchenwald.de\/en\/imprint\/","title":{"rendered":"Imprint"},"content":{"rendered":"[vc_row type=&#8221;full_width_background&#8221; full_screen_row_position=&#8221;middle&#8221; column_margin=&#8221;default&#8221; column_direction=&#8221;default&#8221; column_direction_tablet=&#8221;default&#8221; column_direction_phone=&#8221;default&#8221; scene_position=&#8221;center&#8221; top_padding=&#8221;6%&#8221; constrain_group_1=&#8221;yes&#8221; bottom_padding=&#8221;6%&#8221; top_padding_tablet=&#8221;8%&#8221; constrain_group_3=&#8221;yes&#8221; bottom_padding_tablet=&#8221;8%&#8221; top_padding_phone=&#8221;10%&#8221; constrain_group_5=&#8221;yes&#8221; bottom_padding_phone=&#8221;10%&#8221; text_color=&#8221;dark&#8221; text_align=&#8221;left&#8221; row_border_radius=&#8221;none&#8221; row_border_radius_applies=&#8221;bg&#8221; overflow=&#8221;visible&#8221; id=&#8221;icons&#8221; overlay_strength=&#8221;0.3&#8243; gradient_direction=&#8221;left_to_right&#8221; shape_divider_position=&#8221;bottom&#8221; bg_image_animation=&#8221;none&#8221; gradient_type=&#8221;default&#8221; shape_type=&#8221;&#8221;][vc_column column_padding=&#8221;no-extra-padding&#8221; column_padding_tablet=&#8221;inherit&#8221; column_padding_phone=&#8221;inherit&#8221; column_padding_position=&#8221;all&#8221; column_element_direction_desktop=&#8221;default&#8221; column_element_spacing=&#8221;default&#8221; desktop_text_alignment=&#8221;default&#8221; tablet_text_alignment=&#8221;default&#8221; phone_text_alignment=&#8221;default&#8221; background_color_opacity=&#8221;1&#8243; background_hover_color_opacity=&#8221;1&#8243; column_backdrop_filter=&#8221;none&#8221; column_shadow=&#8221;none&#8221; column_border_radius=&#8221;none&#8221; column_link_target=&#8221;_self&#8221; column_position=&#8221;default&#8221; gradient_direction=&#8221;left_to_right&#8221; overlay_strength=&#8221;0.3&#8243; width=&#8221;1\/1&#8243; tablet_width_inherit=&#8221;default&#8221; animation_type=&#8221;default&#8221; bg_image_animation=&#8221;none&#8221; border_type=&#8221;simple&#8221; column_border_width=&#8221;none&#8221; column_border_style=&#8221;solid&#8221;][vc_column_text css=&#8221;&#8221; text_direction=&#8221;default&#8221;]\n<h1><span style=\"color: #3a415c;\">Imprint<\/span><\/h1>\n[\/vc_column_text][vc_column_text css=&#8221;&#8221; text_direction=&#8221;default&#8221;]\n<h3><span style=\"color: #3a415c;\">Information in accordance with the Digital Services Act (DDG)<\/span><\/h3>\n<p>Provider:<\/p>\n<p>Christian Funke<br \/>\nKeplerstra\u00dfe 4<br \/>\n07549 Gera.<br \/>\nTel. <a href=\"tel:+491719884444\" target=\"_blank\" rel=\"noopener\">+491719884444<\/a><br \/>\nE-Mail: <a href=\"mailto:kontakt@womo-mw.de\">kontakt@womo-mw.de<\/a><\/p>\n<p>Platform of the European Commission for online dispute resolution (OS) for consumers: https:\/\/ec.europa.eu\/consumers\/odr\/. I am not willing and not obliged to participate in a dispute resolution procedure before a consumer arbitration board.<\/p>\n<p>All rights reserved. Images, texts and videos are protected by copyright. Any reproduction or redistribution in whole or in part requires the written consent of the copyright holder.[\/vc_column_text][vc_column_text css=&#8221;&#8221; text_direction=&#8221;default&#8221;]\n<h3><span style=\"color: #3a415c;\">Picture credits<\/span><\/h3>\n<ul>\n<li>Wuenschendorf im Vogtland \u00fcber den Elster Fluss, historische \u00fcberdachte Holzbr\u00fccke &#8211; Wuenschendorf in the Vogtland, historic covered wooden bridge \u00a9 LianeM via https:\/\/stock.adobe.com\/<\/li>\n<li>View over the Elster valley in W\u00fcnschendorf, Thuringia<br \/>\n\u00a9 A.N.Foto via <a href=\"https:\/\/stock.adobe.com\/\">https:\/\/stock.adobe.com\/<\/a><\/li>\n<li>View over the Elster valley in W\u00fcnschendorf, Thuringia<br \/>\n\u00a9 A.N.Foto via <a href=\"https:\/\/stock.adobe.com\/\">https:\/\/stock.adobe.com\/<\/a><\/li>\n<li>Mildenfurth Monastery and Castle, once a Romanesque monastery church<br \/>\n\u00a9 Erwin Meier via <a href=\"https:\/\/de.wikipedia.org\/\">https:\/\/de.wikipedia.org\/<\/a><\/li>\n<li>Fairytale Forest W\u00fcnschendorf<br \/>\n\u00a9 <a href=\"https:\/\/creativecommons.org\/licenses\/by-sa\/4.0\/deed.de\" target=\"_blank\" rel=\"nofollow noopener\">CC BY-SA<\/a>, Archiv TVV\/D.Wie\u00dfner<\/li>\n<li>The Lower Castle in Greiz, Thuringia, Germany<br \/>\n\u00a9 sehbaer_nrw via <a href=\"https:\/\/stock.adobe.com\/\">https:\/\/stock.adobe.com<\/a><\/li>\n<li>Gera Zoo 2019<br \/>\n\u00a9 al_mar via <a href=\"https:\/\/stock.adobe.com\/\">https:\/\/stock.adobe.com<\/a><\/li>\n<li>Osterburg, Weida, Thuringia, Germany<br \/>\n\u00a9 Sina Ettmer <a href=\"https:\/\/stock.adobe.com\/\">https:\/\/stock.adobe.com<\/a><\/li>\n<li>Fuchsbachtal<br \/>\n\u00a9 <a href=\"https:\/\/www.christoph-beer.com\">Christoph Beer<\/a>, <a href=\"https:\/\/creativecommons.org\/licenses\/by-sa\/4.0\/deed.de\" target=\"_blank\" rel=\"nofollow noopener\">CC BY-SA<\/a>, Archiv TVV<\/li>\n<li>Klosterhof restaurant, Cronschwitz<br \/>\n\u00a9 Silvia Greiser, <a href=\"https:\/\/www.klosterhof-cronschwitz.de\" target=\"_blank\" rel=\"noopener\">Gasthof Klosterhof<\/a><\/li>\n<li>Fairytale Forest W\u00fcnschendorf<br \/>\n\u00a9 Archiv TVV\/D.Wie\u00dfner, CC <a href=\"https:\/\/creativecommons.org\/licenses\/by-sa\/4.0\/deed.de\" target=\"_blank\" rel=\"noopener\">BY-SA<\/a><\/li>\n<\/ul>\n[\/vc_column_text][vc_column_text css=&#8221;&#8221; text_direction=&#8221;default&#8221;]\n<h3><span style=\"color: #3a415c;\">Graphics \/ Website<\/span><\/h3>\n<ul>\n<li>\u00a9 Michael Stumm, <a title=\"Web design, graphics, Michael Stumm, Gera\" href=\"http:\/\/www.michael-stumm.com\">www.michael-stumm.com<\/a><\/li>\n<\/ul>\n[\/vc_column_text][\/vc_column][\/vc_row]\n","protected":false},"excerpt":{"rendered":"<p>[vc_row type=&#8221;full_width_background&#8221; full_screen_row_position=&#8221;middle&#8221; column_margin=&#8221;default&#8221; column_direction=&#8221;default&#8221; column_direction_tablet=&#8221;default&#8221; column_direction_phone=&#8221;default&#8221; scene_position=&#8221;center&#8221; top_padding=&#8221;6%&#8221; constrain_group_1=&#8221;yes&#8221; bottom_padding=&#8221;6%&#8221; top_padding_tablet=&#8221;8%&#8221; constrain_group_3=&#8221;yes&#8221; bottom_padding_tablet=&#8221;8%&#8221; top_padding_phone=&#8221;10%&#8221; constrain_group_5=&#8221;yes&#8221; bottom_padding_phone=&#8221;10%&#8221; text_color=&#8221;dark&#8221; text_align=&#8221;left&#8221; row_border_radius=&#8221;none&#8221; row_border_radius_applies=&#8221;bg&#8221; overflow=&#8221;visible&#8221; id=&#8221;icons&#8221; overlay_strength=&#8221;0.3&#8243; gradient_direction=&#8221;left_to_right&#8221; shape_divider_position=&#8221;bottom&#8221; bg_image_animation=&#8221;none&#8221; gradient_type=&#8221;default&#8221; shape_type=&#8221;&#8221;][vc_column column_padding=&#8221;no-extra-padding&#8221;&#8230;<\/p>\n","protected":false},"author":1,"featured_media":0,"parent":0,"menu_order":0,"comment_status":"closed","ping_status":"closed","template":"","meta":{"footnotes":""},"class_list":["post-575","page","type-page","status-publish"],"yoast_head":"<!-- This site is optimized with the Yoast SEO plugin v27.4 - https:\/\/yoast.com\/product\/yoast-seo-wordpress\/ -->\n<title>Imprint - Wohnmobil-Stellplatz M\u00e4rchenwald<\/title>\n<meta name=\"robots\" content=\"noindex, follow\" \/>\n<meta property=\"og:locale\" content=\"en_US\" \/>\n<meta property=\"og:type\" content=\"article\" \/>\n<meta property=\"og:title\" content=\"Imprint - Wohnmobil-Stellplatz M\u00e4rchenwald\" \/>\n<meta property=\"og:description\" content=\"[vc_row type=&#8221;full_width_background&#8221; full_screen_row_position=&#8221;middle&#8221; column_margin=&#8221;default&#8221; column_direction=&#8221;default&#8221; column_direction_tablet=&#8221;default&#8221; column_direction_phone=&#8221;default&#8221; scene_position=&#8221;center&#8221; top_padding=&#8221;6%&#8221; constrain_group_1=&#8221;yes&#8221; bottom_padding=&#8221;6%&#8221; top_padding_tablet=&#8221;8%&#8221; constrain_group_3=&#8221;yes&#8221; bottom_padding_tablet=&#8221;8%&#8221; top_padding_phone=&#8221;10%&#8221; constrain_group_5=&#8221;yes&#8221; bottom_padding_phone=&#8221;10%&#8221; text_color=&#8221;dark&#8221; text_align=&#8221;left&#8221; row_border_radius=&#8221;none&#8221; row_border_radius_applies=&#8221;bg&#8221; overflow=&#8221;visible&#8221; id=&#8221;icons&#8221; overlay_strength=&#8221;0.3&#8243; gradient_direction=&#8221;left_to_right&#8221; shape_divider_position=&#8221;bottom&#8221; bg_image_animation=&#8221;none&#8221; gradient_type=&#8221;default&#8221; shape_type=&#8221;&#8221;][vc_column column_padding=&#8221;no-extra-padding&#8221;...\" \/>\n<meta property=\"og:url\" content=\"https:\/\/wohnmobil-stellplatz-maerchenwald.de\/en\/imprint\/\" \/>\n<meta property=\"og:site_name\" content=\"Wohnmobil-Stellplatz M\u00e4rchenwald\" \/>\n<meta property=\"article:modified_time\" content=\"2025-08-23T05:43:30+00:00\" \/>\n<meta name=\"twitter:card\" content=\"summary_large_image\" \/>\n<meta name=\"twitter:label1\" content=\"Est. reading time\" \/>\n\t<meta name=\"twitter:data1\" content=\"2 minutes\" \/>\n<script type=\"application\/ld+json\" class=\"yoast-schema-graph\">{\"@context\":\"https:\\\/\\\/schema.org\",\"@graph\":[{\"@type\":\"WebPage\",\"@id\":\"https:\\\/\\\/wohnmobil-stellplatz-maerchenwald.de\\\/en\\\/imprint\\\/\",\"url\":\"https:\\\/\\\/wohnmobil-stellplatz-maerchenwald.de\\\/en\\\/imprint\\\/\",\"name\":\"Imprint - Wohnmobil-Stellplatz M\u00e4rchenwald\",\"isPartOf\":{\"@id\":\"https:\\\/\\\/wohnmobil-stellplatz-maerchenwald.de\\\/en\\\/#website\"},\"datePublished\":\"2025-06-19T05:47:51+00:00\",\"dateModified\":\"2025-08-23T05:43:30+00:00\",\"breadcrumb\":{\"@id\":\"https:\\\/\\\/wohnmobil-stellplatz-maerchenwald.de\\\/en\\\/imprint\\\/#breadcrumb\"},\"inLanguage\":\"en-US\",\"potentialAction\":[{\"@type\":\"ReadAction\",\"target\":[\"https:\\\/\\\/wohnmobil-stellplatz-maerchenwald.de\\\/en\\\/imprint\\\/\"]}]},{\"@type\":\"BreadcrumbList\",\"@id\":\"https:\\\/\\\/wohnmobil-stellplatz-maerchenwald.de\\\/en\\\/imprint\\\/#breadcrumb\",\"itemListElement\":[{\"@type\":\"ListItem\",\"position\":1,\"name\":\"Startseite\",\"item\":\"https:\\\/\\\/wohnmobil-stellplatz-maerchenwald.de\\\/en\\\/motorhome-parking-space-maerchenwald-wuenschender-elster\\\/\"},{\"@type\":\"ListItem\",\"position\":2,\"name\":\"Imprint\"}]},{\"@type\":\"WebSite\",\"@id\":\"https:\\\/\\\/wohnmobil-stellplatz-maerchenwald.de\\\/en\\\/#website\",\"url\":\"https:\\\/\\\/wohnmobil-stellplatz-maerchenwald.de\\\/en\\\/\",\"name\":\"Wohnmobil-Stellplatz M\u00e4rchenwald\",\"description\":\"Wohnmobil- und Wohnwagen-Stellplatz in W\u00fcnschendorf an der Elster\",\"potentialAction\":[{\"@type\":\"SearchAction\",\"target\":{\"@type\":\"EntryPoint\",\"urlTemplate\":\"https:\\\/\\\/wohnmobil-stellplatz-maerchenwald.de\\\/en\\\/?s={search_term_string}\"},\"query-input\":{\"@type\":\"PropertyValueSpecification\",\"valueRequired\":true,\"valueName\":\"search_term_string\"}}],\"inLanguage\":\"en-US\"}]}<\/script>\n<!-- \/ Yoast SEO plugin. -->","yoast_head_json":{"title":"Imprint - Wohnmobil-Stellplatz M\u00e4rchenwald","robots":{"index":"noindex","follow":"follow"},"og_locale":"en_US","og_type":"article","og_title":"Imprint - Wohnmobil-Stellplatz M\u00e4rchenwald","og_description":"[vc_row type=&#8221;full_width_background&#8221; full_screen_row_position=&#8221;middle&#8221; column_margin=&#8221;default&#8221; column_direction=&#8221;default&#8221; column_direction_tablet=&#8221;default&#8221; column_direction_phone=&#8221;default&#8221; scene_position=&#8221;center&#8221; top_padding=&#8221;6%&#8221; constrain_group_1=&#8221;yes&#8221; bottom_padding=&#8221;6%&#8221; top_padding_tablet=&#8221;8%&#8221; constrain_group_3=&#8221;yes&#8221; bottom_padding_tablet=&#8221;8%&#8221; top_padding_phone=&#8221;10%&#8221; constrain_group_5=&#8221;yes&#8221; bottom_padding_phone=&#8221;10%&#8221; text_color=&#8221;dark&#8221; text_align=&#8221;left&#8221; row_border_radius=&#8221;none&#8221; row_border_radius_applies=&#8221;bg&#8221; overflow=&#8221;visible&#8221; id=&#8221;icons&#8221; overlay_strength=&#8221;0.3&#8243; gradient_direction=&#8221;left_to_right&#8221; shape_divider_position=&#8221;bottom&#8221; bg_image_animation=&#8221;none&#8221; gradient_type=&#8221;default&#8221; shape_type=&#8221;&#8221;][vc_column column_padding=&#8221;no-extra-padding&#8221;...","og_url":"https:\/\/wohnmobil-stellplatz-maerchenwald.de\/en\/imprint\/","og_site_name":"Wohnmobil-Stellplatz M\u00e4rchenwald","article_modified_time":"2025-08-23T05:43:30+00:00","twitter_card":"summary_large_image","twitter_misc":{"Est. reading time":"2 minutes"},"schema":{"@context":"https:\/\/schema.org","@graph":[{"@type":"WebPage","@id":"https:\/\/wohnmobil-stellplatz-maerchenwald.de\/en\/imprint\/","url":"https:\/\/wohnmobil-stellplatz-maerchenwald.de\/en\/imprint\/","name":"Imprint - Wohnmobil-Stellplatz M\u00e4rchenwald","isPartOf":{"@id":"https:\/\/wohnmobil-stellplatz-maerchenwald.de\/en\/#website"},"datePublished":"2025-06-19T05:47:51+00:00","dateModified":"2025-08-23T05:43:30+00:00","breadcrumb":{"@id":"https:\/\/wohnmobil-stellplatz-maerchenwald.de\/en\/imprint\/#breadcrumb"},"inLanguage":"en-US","potentialAction":[{"@type":"ReadAction","target":["https:\/\/wohnmobil-stellplatz-maerchenwald.de\/en\/imprint\/"]}]},{"@type":"BreadcrumbList","@id":"https:\/\/wohnmobil-stellplatz-maerchenwald.de\/en\/imprint\/#breadcrumb","itemListElement":[{"@type":"ListItem","position":1,"name":"Startseite","item":"https:\/\/wohnmobil-stellplatz-maerchenwald.de\/en\/motorhome-parking-space-maerchenwald-wuenschender-elster\/"},{"@type":"ListItem","position":2,"name":"Imprint"}]},{"@type":"WebSite","@id":"https:\/\/wohnmobil-stellplatz-maerchenwald.de\/en\/#website","url":"https:\/\/wohnmobil-stellplatz-maerchenwald.de\/en\/","name":"Wohnmobil-Stellplatz M\u00e4rchenwald","description":"Wohnmobil- und Wohnwagen-Stellplatz in W\u00fcnschendorf an der Elster","potentialAction":[{"@type":"SearchAction","target":{"@type":"EntryPoint","urlTemplate":"https:\/\/wohnmobil-stellplatz-maerchenwald.de\/en\/?s={search_term_string}"},"query-input":{"@type":"PropertyValueSpecification","valueRequired":true,"valueName":"search_term_string"}}],"inLanguage":"en-US"}]}},"_links":{"self":[{"href":"https:\/\/wohnmobil-stellplatz-maerchenwald.de\/en\/wp-json\/wp\/v2\/pages\/575","targetHints":{"allow":["GET"]}}],"collection":[{"href":"https:\/\/wohnmobil-stellplatz-maerchenwald.de\/en\/wp-json\/wp\/v2\/pages"}],"about":[{"href":"https:\/\/wohnmobil-stellplatz-maerchenwald.de\/en\/wp-json\/wp\/v2\/types\/page"}],"author":[{"embeddable":true,"href":"https:\/\/wohnmobil-stellplatz-maerchenwald.de\/en\/wp-json\/wp\/v2\/users\/1"}],"replies":[{"embeddable":true,"href":"https:\/\/wohnmobil-stellplatz-maerchenwald.de\/en\/wp-json\/wp\/v2\/comments?post=575"}],"version-history":[{"count":19,"href":"https:\/\/wohnmobil-stellplatz-maerchenwald.de\/en\/wp-json\/wp\/v2\/pages\/575\/revisions"}],"predecessor-version":[{"id":2755,"href":"https:\/\/wohnmobil-stellplatz-maerchenwald.de\/en\/wp-json\/wp\/v2\/pages\/575\/revisions\/2755"}],"wp:attachment":[{"href":"https:\/\/wohnmobil-stellplatz-maerchenwald.de\/en\/wp-json\/wp\/v2\/media?parent=575"}],"curies":[{"name":"wp","href":"https:\/\/api.w.org\/{rel}","templated":true}]}}